{"id":50866,"date":"2022-03-11T18:35:21","date_gmt":"2022-03-11T18:35:21","guid":{"rendered":"https:\/\/cyclusonline.com\/?page_id=50866"},"modified":"2023-12-08T22:37:57","modified_gmt":"2023-12-08T22:37:57","slug":"gymnasium-abiturpruefung","status":"publish","type":"page","link":"https:\/\/cyclusonline.com\/el\/kursprogramm\/gymnasium\/gymnasium-abiturpruefung\/","title":{"rendered":"Gymnasium Abiturpr\u00fcfung"},"content":{"rendered":"\t\t<div data-elementor-type=\"wp-page\" data-elementor-id=\"50866\" class=\"elementor elementor-50866\" data-elementor-settings=\"[]\">\n\t\t\t\t\t\t<div class=\"elementor-inner\">\n\t\t\t\t\t\t\t<div class=\"elementor-section-wrap\">\n\t\t\t\t\t\t\t<section class=\" elementor-section  e_lazy_bg elementor-top-section elementor-element elementor-element-84ca6db elementor-section-boxed elementor-section-height-default elementor-section-height-default\" data-id=\"84ca6db\" data-element_type=\"section\">\n\t\t\t\t\t\t<div class=\"elementor-container elementor-column-gap-default\">\n\t\t\t\t\t\t\t<div class=\"elementor-row\">\n\t\t\t\t\t<div class=\"elementor-column elementor-col-50 elementor-top-column elementor-element elementor-element-7eb3782\" data-id=\"7eb3782\" data-element_type=\"column\">\n\t\t\t<div class=\" elementor-column-wrap e_lazy_bg  elementor-element-populated\">\n\t\t\t\t\t\t\t<div class=\"elementor-widget-wrap\">\n\t\t\t\t\t\t<div class=\"elementor-element elementor-element-26d8fbb uael-header-sticky-no uael-border-yes elementor-widget elementor-widget-uael-table\" data-id=\"26d8fbb\" data-element_type=\"widget\" data-widget_type=\"uael-table.default\">\n\t\t\t\t<div class=\"elementor-widget-container\">\n\t\t\t<div itemscope class=\"uael-table-wrapper\" itemtype=\"http:\/\/schema.org\/Table\">\r\n\t\t<table id=\"uael-table-id-26d8fbb\" class=\"uael-text-break uael-column-rules uael-table\" data-sort-table=\"no\" data-show-entry=\"no\" data-searchable=\"no\" data-responsive=\"no\">\r\n\t\t\t\t<thead>\r\n\t\t\t\t\t\t\t\t\t\t<tr class=\"uael-table-row\">\r\n\t\t\t\t\t\t\t\t\t\t\t\t\t<th data-sort=\"0\" class=\"sort-this elementor-repeater-item-908a491 uael-table-col uael-table-head-cell-text\" scope=\"col\">\r\n\t\t\t\t\t\t\t<span class=\"sort-style\">\r\n\t\t\t\t\t\t\t<span class=\"uael-table__text\">\r\n\t\t\t\t\t\t\t\t\t\t\t\t\t\t\t\t\t\t\t\t\t\t\t\t\t\t\t\t\t\t\t\t\t\t<span class=\"uael-table__text-inner\">F\u00e4cher<\/span>\r\n\r\n\t\t\t\t\t\t\t\t\t\t\t\t\t\t\t\t\t\t\t\t\t\t\t\t\t\t\t\t\t\t\t\t\t<\/span>\r\n\t\t\t\t\t\t\t\t\t\t\t\t\t\t<\/span>\r\n\t\t\t\t\t\t<\/th>\r\n\t\t\t\t\t\t\t\t\t\t\t\t<th data-sort=\"1\" class=\"sort-this elementor-repeater-item-b654d10 uael-table-col uael-table-head-cell-text\" scope=\"col\">\r\n\t\t\t\t\t\t\t<span class=\"sort-style\">\r\n\t\t\t\t\t\t\t<span class=\"uael-table__text\">\r\n\t\t\t\t\t\t\t\t\t\t\t\t\t\t\t\t\t\t\t\t\t\t\t\t\t\t\t\t\t\t\t\t\t\t<span class=\"uael-table__text-inner\">Pr\u00fcfungsart<\/span>\r\n\r\n\t\t\t\t\t\t\t\t\t\t\t\t\t\t\t\t\t\t\t\t\t\t\t\t\t\t\t\t\t\t\t\t\t<\/span>\r\n\t\t\t\t\t\t\t\t\t\t\t\t\t\t<\/span>\r\n\t\t\t\t\t\t<\/th>\r\n\t\t\t\t\t\t\t\t<\/thead>\r\n\t\t\t\t<tbody>\r\n\t\t\t<!-- ROWS -->\r\n\t\t\t\t\t\t\t\t\t\t<tr data-entry=\"1\" class=\"uael-table-row\">\r\n\t\t\t\t\t\t\t\t\t\t\t\t\t\t\t\t\t<td class=\"uael-table-col uael-table-body-cell-text elementor-repeater-item-6ba0998\" data-title=\"F\u00e4cher\">\r\n\t\t\t\t\t\t\t\t\t\t\t\t\t\t\t<span class=\"uael-table__text\">\r\n\t\t\t\t\t\t\t\t\t\t\t\t\t\t\t\t\t\t\t\t\t\t\t\t\t\t\t\t\t\t\t\t\t\t\t\t\t<span class=\"uael-table__text-inner\">Deutsch<\/span>\r\n\t\t\t\t\t\t\t\t\t\t\t\t\t\t\t\t\t\t\t\t\t\t\t\t\t\t\t\t\t\t\t\t\t\t\t\t<\/span>\r\n\t\t\t\t\t\t\t\t\t\t\t\t\t<\/td>\r\n\t\t\t\t\t\t\t\t\t\t\t\t\t<td class=\"uael-table-col uael-table-body-cell-text elementor-repeater-item-711049d\" data-title=\"Pr\u00fcfungsart\">\r\n\t\t\t\t\t\t\t\t\t\t\t\t\t\t\t<span class=\"uael-table__text\">\r\n\t\t\t\t\t\t\t\t\t\t\t\t\t\t\t\t\t\t\t\t\t\t\t\t\t\t\t\t\t\t\t\t\t\t\t\t\t<span class=\"uael-table__text-inner\">schriftlich<\/span>\r\n\t\t\t\t\t\t\t\t\t\t\t\t\t\t\t\t\t\t\t\t\t\t\t\t\t\t\t\t\t\t\t\t\t\t\t\t<\/span>\r\n\t\t\t\t\t\t\t\t\t\t\t\t\t<\/td>\r\n\t\t\t\t\t\t\t\t\t\t\t\t\t\t<\/tr><tr data-entry=\"2\" class=\"uael-table-row\">\r\n\t\t\t\t\t\t\t\t\t\t\t\t\t\t\t\t\t\t<td class=\"uael-table-col uael-table-body-cell-text elementor-repeater-item-d548843\" data-title=\"F\u00e4cher\">\r\n\t\t\t\t\t\t\t\t\t\t\t\t\t\t\t<span class=\"uael-table__text\">\r\n\t\t\t\t\t\t\t\t\t\t\t\t\t\t\t\t\t\t\t\t\t\t\t\t\t\t\t\t\t\t\t\t\t\t\t\t\t<span class=\"uael-table__text-inner\">Mathematik<\/span>\r\n\t\t\t\t\t\t\t\t\t\t\t\t\t\t\t\t\t\t\t\t\t\t\t\t\t\t\t\t\t\t\t\t\t\t\t\t<\/span>\r\n\t\t\t\t\t\t\t\t\t\t\t\t\t<\/td>\r\n\t\t\t\t\t\t\t\t\t\t\t\t\t<td class=\"uael-table-col uael-table-body-cell-text elementor-repeater-item-2519406\" data-title=\"Pr\u00fcfungsart\">\r\n\t\t\t\t\t\t\t\t\t\t\t\t\t\t\t<span class=\"uael-table__text\">\r\n\t\t\t\t\t\t\t\t\t\t\t\t\t\t\t\t\t\t\t\t\t\t\t\t\t\t\t\t\t\t\t\t\t\t\t\t\t<span class=\"uael-table__text-inner\">schriftlich<\/span>\r\n\t\t\t\t\t\t\t\t\t\t\t\t\t\t\t\t\t\t\t\t\t\t\t\t\t\t\t\t\t\t\t\t\t\t\t\t<\/span>\r\n\t\t\t\t\t\t\t\t\t\t\t\t\t<\/td>\r\n\t\t\t\t\t\t\t\t\t\t\t\t\t\t<\/tr><tr data-entry=\"3\" class=\"uael-table-row\">\r\n\t\t\t\t\t\t\t\t\t\t\t\t\t\t\t\t\t\t<td class=\"uael-table-col uael-table-body-cell-text elementor-repeater-item-a09fdaa\" data-title=\"F\u00e4cher\">\r\n\t\t\t\t\t\t\t\t\t\t\t\t\t\t\t<span class=\"uael-table__text\">\r\n\t\t\t\t\t\t\t\t\t\t\t\t\t\t\t\t\t\t\t\t\t\t\t\t\t\t\t\t\t\t\t\t\t\t\t\t\t<span class=\"uael-table__text-inner\">fortgef\u00fchrte Fremdsprache<\/span>\r\n\t\t\t\t\t\t\t\t\t\t\t\t\t\t\t\t\t\t\t\t\t\t\t\t\t\t\t\t\t\t\t\t\t\t\t\t<\/span>\r\n\t\t\t\t\t\t\t\t\t\t\t\t\t<\/td>\r\n\t\t\t\t\t\t\t\t\t\t\t\t\t<td class=\"uael-table-col uael-table-body-cell-text elementor-repeater-item-457ddc4\" rowspan=\"3\" data-title=\"Pr\u00fcfungsart\">\r\n\t\t\t\t\t\t\t\t\t\t\t\t\t\t\t<span class=\"uael-table__text\">\r\n\t\t\t\t\t\t\t\t\t\t\t\t\t\t\t\t\t\t\t\t\t\t\t\t\t\t\t\t\t\t\t\t\t\t\t\t\t<span class=\"uael-table__text-inner\">1 x schriftlich <br>\n2 x m\u00fcndlich<\/span>\r\n\t\t\t\t\t\t\t\t\t\t\t\t\t\t\t\t\t\t\t\t\t\t\t\t\t\t\t\t\t\t\t\t\t\t\t\t<\/span>\r\n\t\t\t\t\t\t\t\t\t\t\t\t\t<\/td>\r\n\t\t\t\t\t\t\t\t\t\t\t\t\t\t<\/tr><tr data-entry=\"4\" class=\"uael-table-row\">\r\n\t\t\t\t\t\t\t\t\t\t\t\t\t\t\t\t\t\t<td class=\"uael-table-col uael-table-body-cell-text elementor-repeater-item-2f2e887\" data-title=\"F\u00e4cher\">\r\n\t\t\t\t\t\t\t\t\t\t\t\t\t\t\t<span class=\"uael-table__text\">\r\n\t\t\t\t\t\t\t\t\t\t\t\t\t\t\t\t\t\t\t\t\t\t\t\t\t\t\t\t\t\t\t\t\t\t\t\t\t<span class=\"uael-table__text-inner\">gesellschaftswissen-schaftlichen Aufgabenfeld<sup>*<\/sup><\/span>\r\n\t\t\t\t\t\t\t\t\t\t\t\t\t\t\t\t\t\t\t\t\t\t\t\t\t\t\t\t\t\t\t\t\t\t\t\t<\/span>\r\n\t\t\t\t\t\t\t\t\t\t\t\t\t<\/td>\r\n\t\t\t\t\t\t\t\t\t\t\t\t\t\t<\/tr><tr data-entry=\"5\" class=\"uael-table-row\">\r\n\t\t\t\t\t\t\t\t\t\t\t\t\t\t\t\t\t\t<td class=\"uael-table-col uael-table-body-cell-text elementor-repeater-item-980b9fe\" data-title=\"F\u00e4cher\">\r\n\t\t\t\t\t\t\t\t\t\t\t\t\t\t\t<span class=\"uael-table__text\">\r\n\t\t\t\t\t\t\t\t\t\t\t\t\t\t\t\t\t\t\t\t\t\t\t\t\t\t\t\t\t\t\t\t\t\t\t\t\t<span class=\"uael-table__text-inner\">Wahlfach <sup>**<\/sup><\/span>\r\n\t\t\t\t\t\t\t\t\t\t\t\t\t\t\t\t\t\t\t\t\t\t\t\t\t\t\t\t\t\t\t\t\t\t\t\t<\/span>\r\n\t\t\t\t\t\t\t\t\t\t\t\t\t<\/td>\r\n\t\t\t\t\t\t\t\t\t<\/tbody>\r\n\t<\/table>\r\n\t\t<\/div>\r\n\t\t<\/div>\n\t\t\t\t<\/div>\n\t\t\t\t\t\t<\/div>\n\t\t\t\t\t<\/div>\n\t\t<\/div>\n\t\t\t\t<div class=\"elementor-column elementor-col-50 elementor-top-column elementor-element elementor-element-259de0f\" data-id=\"259de0f\" data-element_type=\"column\">\n\t\t\t<div class=\" elementor-column-wrap e_lazy_bg  elementor-element-populated\">\n\t\t\t\t\t\t\t<div class=\"elementor-widget-wrap\">\n\t\t\t\t\t\t<section class=\" elementor-section  e_lazy_bg elementor-inner-section elementor-element elementor-element-797fc0f elementor-section-boxed elementor-section-height-default elementor-section-height-default\" data-id=\"797fc0f\" data-element_type=\"section\">\n\t\t\t\t\t\t<div class=\"elementor-container elementor-column-gap-default\">\n\t\t\t\t\t\t\t<div class=\"elementor-row\">\n\t\t\t\t\t<div class=\"elementor-column elementor-col-100 elementor-inner-column elementor-element elementor-element-c419caf\" data-id=\"c419caf\" data-element_type=\"column\">\n\t\t\t<div class=\" elementor-column-wrap e_lazy_bg  elementor-element-populated\">\n\t\t\t\t\t\t\t<div class=\"elementor-widget-wrap\">\n\t\t\t\t\t\t<div class=\"elementor-element elementor-element-bda4227 elementor-widget elementor-widget-text-editor\" data-id=\"bda4227\" data-element_type=\"widget\" data-widget_type=\"text-editor.default\">\n\t\t\t\t<div class=\"elementor-widget-container\">\n\t\t\t\t\t\t\t\t<div class=\"elementor-text-editor elementor-clearfix\">\n\t\t\t\t<p>(*)\u00a0\u00a0<\/p><p>(**)\u00a0<\/p>\t\t\t\t\t<\/div>\n\t\t\t\t\t\t<\/div>\n\t\t\t\t<\/div>\n\t\t\t\t<div class=\"elementor-element elementor-element-ee25572 elementor-widget elementor-widget-template\" data-id=\"ee25572\" data-element_type=\"widget\" data-widget_type=\"template.default\">\n\t\t\t\t<div class=\"elementor-widget-container\">\n\t\t\t\t\t<div class=\"elementor-template\">\n\t\t\t\t\t<div data-elementor-type=\"section\" data--id=\"0\" data-obj-id=\"0\" data-elementor-id=\"49761\" class=\"elementor elementor-49761 e--0\" data-elementor-settings=\"[]\">\n\t\t\t\t\t<div class=\"elementor-section-wrap\">\n\t\t\t\t\t\t\t\t<section class=\"  elementor-section  e_lazy_bg  e_lazy_bg elementor-inner-section elementor-element elementor-element-5a8f918f elementor-section-boxed elementor-section-height-default elementor-section-height-default\" data-id=\"5a8f918f\" data-element_type=\"section\" data-settings=\"{&quot;background_background&quot;:&quot;classic&quot;}\">\n\t\t\t\t\t\t<div class=\"elementor-container elementor-column-gap-default\">\n\t\t\t\t\t\t\t<div class=\"elementor-row\">\n\t\t\t\t\t<div class=\"elementor-column elementor-col-100 elementor-inner-column elementor-element elementor-element-7a671fb9\" data-id=\"7a671fb9\" data-element_type=\"column\">\n\t\t\t<div class=\"  elementor-column-wrap e_lazy_bg  e_lazy_bg  elementor-element-populated\">\n\t\t\t\t\t\t\t<div class=\"elementor-widget-wrap\">\n\t\t\t\t\t\t<div class=\"elementor-element elementor-element-14f829c content-align-center icon-box-vertical-align-center icon-position-top icon-vertical-align-center elementor-widget elementor-widget-the7_icon_box_widget\" data-id=\"14f829c\" data-element_type=\"widget\" data-widget_type=\"the7_icon_box_widget.default\">\n\t\t\t\t<div class=\"elementor-widget-container\">\n\t\t\t\n\t\t<div class=\"the7-box-wrapper the7-elementor-widget the7_icon_box_widget-14f829c\">\t\t\t<div class=\"box-content-wrapper\">\n\t\t\t\t\t\t\t\t\t<a class=\"elementor-icon-div\" >\t\t\t\t\t\t<div class=\"elementor-icon\">\n\t\t\t\t\t\t\t<svg xmlns=\"http:\/\/www.w3.org\/2000\/svg\" id=\"Layer_1\" data-name=\"Layer 1\" viewBox=\"0 0 24 24\"><defs><style>.cls-1{fill:none;stroke:#000;stroke-linecap:round;stroke-linejoin:round;}<\/style><\/defs><title>date-and-time<\/title><line class=\"cls-1\" x1=\"4.5\" y1=\"9.5\" x2=\"11\" y2=\"9.5\"><\/line><path class=\"cls-1\" d=\"M19.5,8V6.079a1.7,1.7,0,0,0-1.6-1.79H16.816\"><\/path><path class=\"cls-1\" d=\"M6.5,4.289H4.1a1.7,1.7,0,0,0-1.6,1.79V16.816a1.7,1.7,0,0,0,1.6,1.789H9\"><\/path><line class=\"cls-1\" x1=\"15.026\" y1=\"2.5\" x2=\"15.026\" y2=\"6.079\"><\/line><line class=\"cls-1\" x1=\"6.974\" y1=\"2.5\" x2=\"6.974\" y2=\"6.079\"><\/line><line class=\"cls-1\" x1=\"8.763\" y1=\"4.289\" x2=\"14.99\" y2=\"4.277\"><\/line><polyline class=\"cls-1\" points=\"16.339 11.501 16.339 15.101 18.739 16.301\"><\/polyline><circle class=\"cls-1\" cx=\"16.339\" cy=\"15.101\" r=\"6\"><\/circle><\/svg>\t\t\t\t\t\t<\/div>\n\t\t\t\t\t<\/a>\t\t\t\t\t\t\t\t<div class=\"box-content\">\n\t\t\t\t\t\t\t\t\t\t\t\t\t\t\t\t\t<h4 class=\"box-heading\">\n\t\t\t\t\t\t\t<a >\t\t\t\t\t\t\t\tProbestunde\t\t\t\t\t\t\t<\/a>\t\t\t\t\t\t<\/h4>\n\t\t\t\t\t\t\t\t\t\t\t\t\t\t\t\t<div class=\"box-description\"><p>Vereinbaren Sie eine gratis Probestunde telefonisch:<\/p><\/div>\n\t\t\t\t\t\n\t\t\t\t\t<a class=\"box-button elementor-button elementor-size-xs\">089 \/ 55 82 05<\/a>\n\t\t\t\t<\/div>\n\t\t\t<\/div>\n\t\t<\/div>\t\t\t<\/div>\n\t\t\t\t<\/div>\n\t\t\t\t\t\t<\/div>\n\t\t\t\t\t<\/div>\n\t\t<\/div>\n\t\t\t\t\t\t\t\t<\/div>\n\t\t\t\t\t<\/div>\n\t\t<\/section>\n\t\t\t\t\t\t\t<\/div>\n\t\t\t\t<\/div>\n\t\t\t\t<\/div>\n\t\t\t\t<\/div>\n\t\t\t\t<\/div>\n\t\t\t\t\t\t<\/div>\n\t\t\t\t\t<\/div>\n\t\t<\/div>\n\t\t\t\t\t\t\t\t<\/div>\n\t\t\t\t\t<\/div>\n\t\t<\/section>\n\t\t\t\t\t\t<\/div>\n\t\t\t\t\t<\/div>\n\t\t<\/div>\n\t\t\t\t\t\t\t\t<\/div>\n\t\t\t\t\t<\/div>\n\t\t<\/section>\n\t\t\t\t\t\t<\/div>\n\t\t\t\t\t\t<\/div>\n\t\t\t\t\t<\/div>\n\t\t","protected":false},"excerpt":{"rendered":"<p>F\u00e4cher Pr\u00fcfungsart Deutsch schriftlich Mathematik schriftlich fortgef\u00fchrte Fremdsprache 1 x schriftlich 2 x m\u00fcndlich gesellschaftswissen-schaftlichen Aufgabenfeld* Wahlfach ** (*)\u00a0\u00a0 (**)\u00a0<\/p>\n","protected":false},"author":1,"featured_media":0,"parent":48562,"menu_order":0,"comment_status":"closed","ping_status":"closed","template":"","meta":{"spay_email":"","footnotes":""},"class_list":["post-50866","page","type-page","status-publish","hentry"],"_links":{"self":[{"href":"https:\/\/cyclusonline.com\/el\/wp-json\/wp\/v2\/pages\/50866","targetHints":{"allow":["GET"]}}],"collection":[{"href":"https:\/\/cyclusonline.com\/el\/wp-json\/wp\/v2\/pages"}],"about":[{"href":"https:\/\/cyclusonline.com\/el\/wp-json\/wp\/v2\/types\/page"}],"author":[{"embeddable":true,"href":"https:\/\/cyclusonline.com\/el\/wp-json\/wp\/v2\/users\/1"}],"replies":[{"embeddable":true,"href":"https:\/\/cyclusonline.com\/el\/wp-json\/wp\/v2\/comments?post=50866"}],"version-history":[{"count":7,"href":"https:\/\/cyclusonline.com\/el\/wp-json\/wp\/v2\/pages\/50866\/revisions"}],"predecessor-version":[{"id":50891,"href":"https:\/\/cyclusonline.com\/el\/wp-json\/wp\/v2\/pages\/50866\/revisions\/50891"}],"up":[{"embeddable":true,"href":"https:\/\/cyclusonline.com\/el\/wp-json\/wp\/v2\/pages\/48562"}],"wp:attachment":[{"href":"https:\/\/cyclusonline.com\/el\/wp-json\/wp\/v2\/media?parent=50866"}],"curies":[{"name":"wp","href":"https:\/\/api.w.org\/{rel}","templated":true}]}}